{"id":1853,"date":"2023-03-01T00:30:19","date_gmt":"2023-02-28T23:30:19","guid":{"rendered":"https:\/\/autokiosk.be\/padelkiosk\/faq\/"},"modified":"2025-04-22T10:39:33","modified_gmt":"2025-04-22T08:39:33","slug":"faq","status":"publish","type":"page","link":"https:\/\/autokiosk.be\/fr\/padelkiosk\/faq\/","title":{"rendered":"FAQ"},"content":{"rendered":"\t\t<div data-elementor-type=\"wp-page\" data-elementor-id=\"1853\" class=\"elementor elementor-1853 elementor-766\" data-elementor-settings=\"{&quot;ha_cmc_init_switcher&quot;:&quot;no&quot;}\">\n\t\t\t\t<div class=\"elementor-element elementor-element-089be08 e-flex e-con-boxed wpr-jarallax-no wpr-sticky-section-no wpr-equal-height-no e-con e-parent\" data-id=\"089be08\" data-element_type=\"container\" data-e-type=\"container\" data-settings=\"{&quot;_ha_eqh_enable&quot;:false}\">\n\t\t\t\t\t<div class=\"e-con-inner\">\n\t\t\t\t<div class=\"elementor-element elementor-element-a58c5e8 elementor-widget elementor-widget-ha-page-title happy-addon ha-page-title\" data-id=\"a58c5e8\" data-element_type=\"widget\" data-e-type=\"widget\" data-widget_type=\"ha-page-title.default\">\n\t\t\t\t<div class=\"elementor-widget-container\">\n\t\t\t\t\t<h1 class=\"ha-page-title elementor-size-default\">FAQ<\/h1>\t\t\t\t<\/div>\n\t\t\t\t<\/div>\n\t\t\t\t<div class=\"elementor-element elementor-element-213a76f elementor-widget elementor-widget-accordion\" data-id=\"213a76f\" data-element_type=\"widget\" data-e-type=\"widget\" data-widget_type=\"accordion.default\">\n\t\t\t\t<div class=\"elementor-widget-container\">\n\t\t\t\t\t\t\t<div class=\"elementor-accordion\">\n\t\t\t\t\t\t\t<div class=\"elementor-accordion-item\">\n\t\t\t\t\t<div id=\"elementor-tab-title-3481\" class=\"elementor-tab-title\" data-tab=\"1\" role=\"button\" aria-controls=\"elementor-tab-content-3481\" aria-expanded=\"false\">\n\t\t\t\t\t\t\t\t\t\t\t\t\t<span class=\"elementor-accordion-icon elementor-accordion-icon-left\" aria-hidden=\"true\">\n\t\t\t\t\t\t\t\t\t\t\t\t\t\t\t<span class=\"elementor-accordion-icon-closed\"><i class=\"fas fa-plus\"><\/i><\/span>\n\t\t\t\t\t\t\t\t<span class=\"elementor-accordion-icon-opened\"><i class=\"fas fa-minus\"><\/i><\/span>\n\t\t\t\t\t\t\t\t\t\t\t\t\t\t<\/span>\n\t\t\t\t\t\t\t\t\t\t\t\t<a class=\"elementor-accordion-title\" tabindex=\"0\">Pourquoi la somme de 10 euros est-elle r\u00e9serv\u00e9e ?<\/a>\n\t\t\t\t\t<\/div>\n\t\t\t\t\t<div id=\"elementor-tab-content-3481\" class=\"elementor-tab-content elementor-clearfix\" data-tab=\"1\" role=\"region\" aria-labelledby=\"elementor-tab-title-3481\"><p>Ce montant est un montant de r\u00e9servation. Il ne sera jamais retir\u00e9 de votre compte, mais sera ajust\u00e9 au montant effectif.<\/p><p>Le montant r\u00e9serv\u00e9 (10 \u20ac) sera remplac\u00e9 par le montant effectif pour lequel vous avez achet\u00e9.<\/p><p>Exemple : 10 \u20ac sont r\u00e9serv\u00e9s. Vous achetez un tube de balles pour 7,5 \u20ac.<br \/>Dans les 24-48 heures, &#8211; 10 \u20ac seront remplac\u00e9s par &#8211; 7,5 \u20ac.<\/p><\/div>\n\t\t\t\t<\/div>\n\t\t\t\t\t\t\t<div class=\"elementor-accordion-item\">\n\t\t\t\t\t<div id=\"elementor-tab-title-3482\" class=\"elementor-tab-title\" data-tab=\"2\" role=\"button\" aria-controls=\"elementor-tab-content-3482\" aria-expanded=\"false\">\n\t\t\t\t\t\t\t\t\t\t\t\t\t<span class=\"elementor-accordion-icon elementor-accordion-icon-left\" aria-hidden=\"true\">\n\t\t\t\t\t\t\t\t\t\t\t\t\t\t\t<span class=\"elementor-accordion-icon-closed\"><i class=\"fas fa-plus\"><\/i><\/span>\n\t\t\t\t\t\t\t\t<span class=\"elementor-accordion-icon-opened\"><i class=\"fas fa-minus\"><\/i><\/span>\n\t\t\t\t\t\t\t\t\t\t\t\t\t\t<\/span>\n\t\t\t\t\t\t\t\t\t\t\t\t<a class=\"elementor-accordion-title\" tabindex=\"0\">Je ne peux pas remettre ma (mes) raquette(s) en place, que dois-je faire ? <\/a>\n\t\t\t\t\t<\/div>\n\t\t\t\t\t<div id=\"elementor-tab-content-3482\" class=\"elementor-tab-content elementor-clearfix\" data-tab=\"2\" role=\"region\" aria-labelledby=\"elementor-tab-title-3482\"><p>D\u00e9posez la ou les raquettes au bar et envoyez un courriel \u00e0 info@padelkiosk.be en indiquant le nombre de raquettes que vous avez laiss\u00e9es. Nous v\u00e9rifierons aupr\u00e8s du bar qu&rsquo;il n&rsquo;y a pas de charges suppl\u00e9mentaires.<\/p><\/div>\n\t\t\t\t<\/div>\n\t\t\t\t\t\t\t<div class=\"elementor-accordion-item\">\n\t\t\t\t\t<div id=\"elementor-tab-title-3483\" class=\"elementor-tab-title\" data-tab=\"3\" role=\"button\" aria-controls=\"elementor-tab-content-3483\" aria-expanded=\"false\">\n\t\t\t\t\t\t\t\t\t\t\t\t\t<span class=\"elementor-accordion-icon elementor-accordion-icon-left\" aria-hidden=\"true\">\n\t\t\t\t\t\t\t\t\t\t\t\t\t\t\t<span class=\"elementor-accordion-icon-closed\"><i class=\"fas fa-plus\"><\/i><\/span>\n\t\t\t\t\t\t\t\t<span class=\"elementor-accordion-icon-opened\"><i class=\"fas fa-minus\"><\/i><\/span>\n\t\t\t\t\t\t\t\t\t\t\t\t\t\t<\/span>\n\t\t\t\t\t\t\t\t\t\t\t\t<a class=\"elementor-accordion-title\" tabindex=\"0\">Je n'ai pas re\u00e7u de code de retour.<\/a>\n\t\t\t\t\t<\/div>\n\t\t\t\t\t<div id=\"elementor-tab-content-3483\" class=\"elementor-tab-content elementor-clearfix\" data-tab=\"3\" role=\"region\" aria-labelledby=\"elementor-tab-title-3483\"><p>Pas de probl\u00e8me, le code de retour ne sert que de sauvegarde et vous n&rsquo;en avez pas besoin pour retourner vos raquettes. Prenez la carte bancaire avec laquelle vous avez lou\u00e9 les raquettes \u00e0 l&rsquo;origine, appuyez sur \u00ab\u00a0Retourner la raquette\u00a0\u00bb et \u00ab\u00a0Payer avec la carte bancaire\u00a0\u00bb. Le kiosque reconna\u00eetra votre carte et d\u00e9verrouillera la porte, ce qui vous permettra de rendre votre raquette.<\/p><\/div>\n\t\t\t\t<\/div>\n\t\t\t\t\t\t\t<div class=\"elementor-accordion-item\">\n\t\t\t\t\t<div id=\"elementor-tab-title-3484\" class=\"elementor-tab-title\" data-tab=\"4\" role=\"button\" aria-controls=\"elementor-tab-content-3484\" aria-expanded=\"false\">\n\t\t\t\t\t\t\t\t\t\t\t\t\t<span class=\"elementor-accordion-icon elementor-accordion-icon-left\" aria-hidden=\"true\">\n\t\t\t\t\t\t\t\t\t\t\t\t\t\t\t<span class=\"elementor-accordion-icon-closed\"><i class=\"fas fa-plus\"><\/i><\/span>\n\t\t\t\t\t\t\t\t<span class=\"elementor-accordion-icon-opened\"><i class=\"fas fa-minus\"><\/i><\/span>\n\t\t\t\t\t\t\t\t\t\t\t\t\t\t<\/span>\n\t\t\t\t\t\t\t\t\t\t\t\t<a class=\"elementor-accordion-title\" tabindex=\"0\">Le kiosque n'accepte pas ma carte bancaire.<\/a>\n\t\t\t\t\t<\/div>\n\t\t\t\t\t<div id=\"elementor-tab-content-3484\" class=\"elementor-tab-content elementor-clearfix\" data-tab=\"4\" role=\"region\" aria-labelledby=\"elementor-tab-title-3484\"><p>Notre kiosque fonctionne avec des paiements sans contact. Le nombre de paiements par jour via cette m\u00e9thode sans contact est limit\u00e9 en Belgique, ce qui signifie que votre carte n&rsquo;est parfois pas accept\u00e9e. Par exemple, si vous avez fait vos courses le m\u00eame jour et que vous les avez pay\u00e9es sans contact.<\/p><p>Comment r\u00e9soudre ce probl\u00e8me? Essayez une autre carte.<\/p><p>Il est tout \u00e0 fait possible que votre carte fonctionne la prochaine fois.<\/p><p><strong>Extra<\/strong>: Selon le kiosque, j&rsquo;ai encore une <strong>\u00ab\u00a0transaction en cours\u00a0\u00bb<\/strong>, c&rsquo;est pourquoi la porte ne s&rsquo;ouvre pas. Il est possible qu&rsquo;il y ait eu un probl\u00e8me. N&rsquo;h\u00e9sitez pas \u00e0 appeler notre service d&rsquo;assistance (+32 52 57 92 35) ou \u00e0 envoyer un courriel \u00e0 info@padelkiosk.be .<\/p><\/div>\n\t\t\t\t<\/div>\n\t\t\t\t\t\t\t<div class=\"elementor-accordion-item\">\n\t\t\t\t\t<div id=\"elementor-tab-title-3485\" class=\"elementor-tab-title\" data-tab=\"5\" role=\"button\" aria-controls=\"elementor-tab-content-3485\" aria-expanded=\"false\">\n\t\t\t\t\t\t\t\t\t\t\t\t\t<span class=\"elementor-accordion-icon elementor-accordion-icon-left\" aria-hidden=\"true\">\n\t\t\t\t\t\t\t\t\t\t\t\t\t\t\t<span class=\"elementor-accordion-icon-closed\"><i class=\"fas fa-plus\"><\/i><\/span>\n\t\t\t\t\t\t\t\t<span class=\"elementor-accordion-icon-opened\"><i class=\"fas fa-minus\"><\/i><\/span>\n\t\t\t\t\t\t\t\t\t\t\t\t\t\t<\/span>\n\t\t\t\t\t\t\t\t\t\t\t\t<a class=\"elementor-accordion-title\" tabindex=\"0\">Est-il possible d'acheter une raquette au distributeur automatique?<\/a>\n\t\t\t\t\t<\/div>\n\t\t\t\t\t<div id=\"elementor-tab-content-3485\" class=\"elementor-tab-content elementor-clearfix\" data-tab=\"5\" role=\"region\" aria-labelledby=\"elementor-tab-title-3485\"><p>Non, ce n&rsquo;est pas possible. Si vous ne remettez pas la raquette en place, vous devrez automatiquement payer une amende de 150 \u20ac pour avoir \u00ab\u00a0vol\u00e9\u00a0\u00bb la raquette. Vous souhaitez tout de m\u00eame acheter une raquette? N&rsquo;h\u00e9sitez pas \u00e0 nous contacter!<\/p><\/div>\n\t\t\t\t<\/div>\n\t\t\t\t\t\t\t\t<\/div>\n\t\t\t\t\t\t<\/div>\n\t\t\t\t<\/div>\n\t\t\t\t\t<\/div>\n\t\t\t\t<\/div>\n\t\t\t\t<\/div>\n\t\t","protected":false},"excerpt":{"rendered":"<p>FAQ Pourquoi la somme de 10 euros est-elle r\u00e9serv\u00e9e ? Ce montant est un montant de r\u00e9servation. Il ne sera jamais retir\u00e9 de votre compte, mais sera ajust\u00e9 au montant effectif. Le montant r\u00e9serv\u00e9 (10 \u20ac) sera remplac\u00e9 par le montant effectif pour lequel vous avez achet\u00e9. Exemple : 10 \u20ac sont r\u00e9serv\u00e9s. Vous achetez un tube de balles pour 7,5 \u20ac.Dans les 24-48 heures, &#8211; 10 \u20ac seront remplac\u00e9s par &#8211; 7,5 \u20ac. Je ne peux pas remettre ma (mes) raquette(s) en place, que dois-je faire ? D\u00e9posez la ou les raquettes au bar et envoyez un courriel \u00e0 info@padelkiosk.be en indiquant le nombre de raquettes que vous avez laiss\u00e9es. Nous v\u00e9rifierons aupr\u00e8s du bar qu&#8217;il n&#8217;y a pas de charges suppl\u00e9mentaires. Je n&rsquo;ai pas re\u00e7u de code de retour. Pas de probl\u00e8me, le code de retour ne sert que de sauvegarde et vous n&#8217;en avez pas besoin pour retourner vos raquettes. Prenez la carte bancaire avec laquelle vous avez lou\u00e9 les raquettes \u00e0 l&#8217;origine, appuyez sur &#8220;Retourner la raquette&#8221; et &#8220;Payer avec la carte bancaire&#8221;. Le kiosque reconna\u00eetra votre carte et d\u00e9verrouillera la porte, ce qui vous permettra de rendre votre raquette. Le kiosque n&rsquo;accepte pas ma carte bancaire. Notre kiosque fonctionne avec des paiements sans contact. Le nombre de paiements par jour via cette m\u00e9thode sans contact est limit\u00e9 en Belgique, ce qui signifie que votre carte n&#8217;est parfois pas accept\u00e9e. Par exemple, si vous avez fait vos courses le m\u00eame jour et que vous les avez pay\u00e9es sans contact. Comment r\u00e9soudre ce probl\u00e8me? Essayez une autre carte. Il est tout \u00e0 fait possible que votre carte fonctionne la prochaine fois. Extra: Selon le kiosque, j&#8217;ai encore une &#8220;transaction en cours&#8221;, c&#8217;est pourquoi la porte ne s&#8217;ouvre pas. Il est possible qu&#8217;il y ait eu un probl\u00e8me. N&#8217;h\u00e9sitez pas \u00e0 appeler notre service d&#8217;assistance (+32 52 57 92 35) ou \u00e0 envoyer un courriel \u00e0 info@padelkiosk.be . Est-il possible d&rsquo;acheter une raquette au distributeur automatique? Non, ce n&#8217;est pas possible. Si vous ne remettez pas la raquette en place, vous devrez automatiquement payer une amende de 150 \u20ac pour avoir &#8220;vol\u00e9&#8221; la raquette. Vous souhaitez tout de m\u00eame acheter une raquette? N&#8217;h\u00e9sitez pas \u00e0 nous contacter!<\/p>\n","protected":false},"author":2,"featured_media":0,"parent":1834,"menu_order":0,"comment_status":"closed","ping_status":"closed","template":"","meta":{"footnotes":""},"categories":[28],"tags":[],"class_list":["post-1853","page","type-page","status-publish","hentry","category-padelkiosk-nl"],"yoast_head":"<!-- This site is optimized with the Yoast SEO plugin v27.3 - https:\/\/yoast.com\/product\/yoast-seo-wordpress\/ -->\n<title>FAQ - Autokiosk<\/title>\n<meta name=\"robots\" content=\"index, follow, max-snippet:-1, max-image-preview:large, max-video-preview:-1\" \/>\n<link rel=\"canonical\" href=\"https:\/\/autokiosk.be\/fr\/padelkiosk\/faq\/\" \/>\n<meta property=\"og:locale\" content=\"fr_FR\" \/>\n<meta property=\"og:type\" content=\"article\" \/>\n<meta property=\"og:title\" content=\"FAQ - Autokiosk\" \/>\n<meta property=\"og:description\" content=\"FAQ Pourquoi la somme de 10 euros est-elle r\u00e9serv\u00e9e ? Ce montant est un montant de r\u00e9servation. Il ne sera jamais retir\u00e9 de votre compte, mais sera ajust\u00e9 au montant effectif. Le montant r\u00e9serv\u00e9 (10 \u20ac) sera remplac\u00e9 par le montant effectif pour lequel vous avez achet\u00e9. Exemple : 10 \u20ac sont r\u00e9serv\u00e9s. Vous achetez un tube de balles pour 7,5 \u20ac.Dans les 24-48 heures, &#8211; 10 \u20ac seront remplac\u00e9s par &#8211; 7,5 \u20ac. Je ne peux pas remettre ma (mes) raquette(s) en place, que dois-je faire ? D\u00e9posez la ou les raquettes au bar et envoyez un courriel \u00e0 info@padelkiosk.be en indiquant le nombre de raquettes que vous avez laiss\u00e9es. Nous v\u00e9rifierons aupr\u00e8s du bar qu&#8217;il n&#8217;y a pas de charges suppl\u00e9mentaires. Je n&rsquo;ai pas re\u00e7u de code de retour. Pas de probl\u00e8me, le code de retour ne sert que de sauvegarde et vous n&#8217;en avez pas besoin pour retourner vos raquettes. Prenez la carte bancaire avec laquelle vous avez lou\u00e9 les raquettes \u00e0 l&#8217;origine, appuyez sur &#8220;Retourner la raquette&#8221; et &#8220;Payer avec la carte bancaire&#8221;. Le kiosque reconna\u00eetra votre carte et d\u00e9verrouillera la porte, ce qui vous permettra de rendre votre raquette. Le kiosque n&rsquo;accepte pas ma carte bancaire. Notre kiosque fonctionne avec des paiements sans contact. Le nombre de paiements par jour via cette m\u00e9thode sans contact est limit\u00e9 en Belgique, ce qui signifie que votre carte n&#8217;est parfois pas accept\u00e9e. Par exemple, si vous avez fait vos courses le m\u00eame jour et que vous les avez pay\u00e9es sans contact. Comment r\u00e9soudre ce probl\u00e8me? Essayez une autre carte. Il est tout \u00e0 fait possible que votre carte fonctionne la prochaine fois. Extra: Selon le kiosque, j&#8217;ai encore une &#8220;transaction en cours&#8221;, c&#8217;est pourquoi la porte ne s&#8217;ouvre pas. Il est possible qu&#8217;il y ait eu un probl\u00e8me. N&#8217;h\u00e9sitez pas \u00e0 appeler notre service d&#8217;assistance (+32 52 57 92 35) ou \u00e0 envoyer un courriel \u00e0 info@padelkiosk.be . Est-il possible d&rsquo;acheter une raquette au distributeur automatique? Non, ce n&#8217;est pas possible. Si vous ne remettez pas la raquette en place, vous devrez automatiquement payer une amende de 150 \u20ac pour avoir &#8220;vol\u00e9&#8221; la raquette. Vous souhaitez tout de m\u00eame acheter une raquette? N&#8217;h\u00e9sitez pas \u00e0 nous contacter!\" \/>\n<meta property=\"og:url\" content=\"https:\/\/autokiosk.be\/fr\/padelkiosk\/faq\/\" \/>\n<meta property=\"og:site_name\" content=\"Autokiosk\" \/>\n<meta property=\"article:publisher\" content=\"https:\/\/www.facebook.com\/profile.php?id=100087099125794\" \/>\n<meta property=\"article:modified_time\" content=\"2025-04-22T08:39:33+00:00\" \/>\n<meta name=\"twitter:card\" content=\"summary_large_image\" \/>\n<meta name=\"twitter:label1\" content=\"Dur\u00e9e de lecture estim\u00e9e\" \/>\n\t<meta name=\"twitter:data1\" content=\"2 minutes\" \/>\n<script type=\"application\/ld+json\" class=\"yoast-schema-graph\">{\"@context\":\"https:\\\/\\\/schema.org\",\"@graph\":[{\"@type\":\"WebPage\",\"@id\":\"https:\\\/\\\/autokiosk.be\\\/fr\\\/padelkiosk\\\/faq\\\/\",\"url\":\"https:\\\/\\\/autokiosk.be\\\/fr\\\/padelkiosk\\\/faq\\\/\",\"name\":\"FAQ - Autokiosk\",\"isPartOf\":{\"@id\":\"https:\\\/\\\/autokiosk.be\\\/#website\"},\"datePublished\":\"2023-02-28T23:30:19+00:00\",\"dateModified\":\"2025-04-22T08:39:33+00:00\",\"breadcrumb\":{\"@id\":\"https:\\\/\\\/autokiosk.be\\\/fr\\\/padelkiosk\\\/faq\\\/#breadcrumb\"},\"inLanguage\":\"fr-FR\",\"potentialAction\":[{\"@type\":\"ReadAction\",\"target\":[\"https:\\\/\\\/autokiosk.be\\\/fr\\\/padelkiosk\\\/faq\\\/\"]}]},{\"@type\":\"BreadcrumbList\",\"@id\":\"https:\\\/\\\/autokiosk.be\\\/fr\\\/padelkiosk\\\/faq\\\/#breadcrumb\",\"itemListElement\":[{\"@type\":\"ListItem\",\"position\":1,\"name\":\"Home\",\"item\":\"https:\\\/\\\/autokiosk.be\\\/\"},{\"@type\":\"ListItem\",\"position\":2,\"name\":\"Padelkiosk\",\"item\":\"https:\\\/\\\/autokiosk.be\\\/fr\\\/padelkiosk\\\/\"},{\"@type\":\"ListItem\",\"position\":3,\"name\":\"FAQ\"}]},{\"@type\":\"WebSite\",\"@id\":\"https:\\\/\\\/autokiosk.be\\\/#website\",\"url\":\"https:\\\/\\\/autokiosk.be\\\/\",\"name\":\"Autokiosk\",\"description\":\"\",\"publisher\":{\"@id\":\"https:\\\/\\\/autokiosk.be\\\/#organization\"},\"potentialAction\":[{\"@type\":\"SearchAction\",\"target\":{\"@type\":\"EntryPoint\",\"urlTemplate\":\"https:\\\/\\\/autokiosk.be\\\/?s={search_term_string}\"},\"query-input\":{\"@type\":\"PropertyValueSpecification\",\"valueRequired\":true,\"valueName\":\"search_term_string\"}}],\"inLanguage\":\"fr-FR\"},{\"@type\":\"Organization\",\"@id\":\"https:\\\/\\\/autokiosk.be\\\/#organization\",\"name\":\"Padel Kiosk\",\"url\":\"https:\\\/\\\/autokiosk.be\\\/\",\"logo\":{\"@type\":\"ImageObject\",\"inLanguage\":\"fr-FR\",\"@id\":\"https:\\\/\\\/autokiosk.be\\\/#\\\/schema\\\/logo\\\/image\\\/\",\"url\":\"https:\\\/\\\/autokiosk.be\\\/wp-content\\\/uploads\\\/2023\\\/03\\\/PadelKiosk_logo_RGB-01.png\",\"contentUrl\":\"https:\\\/\\\/autokiosk.be\\\/wp-content\\\/uploads\\\/2023\\\/03\\\/PadelKiosk_logo_RGB-01.png\",\"width\":1042,\"height\":465,\"caption\":\"Padel Kiosk\"},\"image\":{\"@id\":\"https:\\\/\\\/autokiosk.be\\\/#\\\/schema\\\/logo\\\/image\\\/\"},\"sameAs\":[\"https:\\\/\\\/www.facebook.com\\\/profile.php?id=100087099125794\",\"https:\\\/\\\/www.instagram.com\\\/padel.kiosk\\\/?hl=nl\"]}]}<\/script>\n<!-- \/ Yoast SEO plugin. -->","yoast_head_json":{"title":"FAQ - Autokiosk","robots":{"index":"index","follow":"follow","max-snippet":"max-snippet:-1","max-image-preview":"max-image-preview:large","max-video-preview":"max-video-preview:-1"},"canonical":"https:\/\/autokiosk.be\/fr\/padelkiosk\/faq\/","og_locale":"fr_FR","og_type":"article","og_title":"FAQ - Autokiosk","og_description":"FAQ Pourquoi la somme de 10 euros est-elle r\u00e9serv\u00e9e ? Ce montant est un montant de r\u00e9servation. Il ne sera jamais retir\u00e9 de votre compte, mais sera ajust\u00e9 au montant effectif. Le montant r\u00e9serv\u00e9 (10 \u20ac) sera remplac\u00e9 par le montant effectif pour lequel vous avez achet\u00e9. Exemple : 10 \u20ac sont r\u00e9serv\u00e9s. Vous achetez un tube de balles pour 7,5 \u20ac.Dans les 24-48 heures, &#8211; 10 \u20ac seront remplac\u00e9s par &#8211; 7,5 \u20ac. Je ne peux pas remettre ma (mes) raquette(s) en place, que dois-je faire ? D\u00e9posez la ou les raquettes au bar et envoyez un courriel \u00e0 info@padelkiosk.be en indiquant le nombre de raquettes que vous avez laiss\u00e9es. Nous v\u00e9rifierons aupr\u00e8s du bar qu&#8217;il n&#8217;y a pas de charges suppl\u00e9mentaires. Je n&rsquo;ai pas re\u00e7u de code de retour. Pas de probl\u00e8me, le code de retour ne sert que de sauvegarde et vous n&#8217;en avez pas besoin pour retourner vos raquettes. Prenez la carte bancaire avec laquelle vous avez lou\u00e9 les raquettes \u00e0 l&#8217;origine, appuyez sur &#8220;Retourner la raquette&#8221; et &#8220;Payer avec la carte bancaire&#8221;. Le kiosque reconna\u00eetra votre carte et d\u00e9verrouillera la porte, ce qui vous permettra de rendre votre raquette. Le kiosque n&rsquo;accepte pas ma carte bancaire. Notre kiosque fonctionne avec des paiements sans contact. Le nombre de paiements par jour via cette m\u00e9thode sans contact est limit\u00e9 en Belgique, ce qui signifie que votre carte n&#8217;est parfois pas accept\u00e9e. Par exemple, si vous avez fait vos courses le m\u00eame jour et que vous les avez pay\u00e9es sans contact. Comment r\u00e9soudre ce probl\u00e8me? Essayez une autre carte. Il est tout \u00e0 fait possible que votre carte fonctionne la prochaine fois. Extra: Selon le kiosque, j&#8217;ai encore une &#8220;transaction en cours&#8221;, c&#8217;est pourquoi la porte ne s&#8217;ouvre pas. Il est possible qu&#8217;il y ait eu un probl\u00e8me. N&#8217;h\u00e9sitez pas \u00e0 appeler notre service d&#8217;assistance (+32 52 57 92 35) ou \u00e0 envoyer un courriel \u00e0 info@padelkiosk.be . Est-il possible d&rsquo;acheter une raquette au distributeur automatique? Non, ce n&#8217;est pas possible. Si vous ne remettez pas la raquette en place, vous devrez automatiquement payer une amende de 150 \u20ac pour avoir &#8220;vol\u00e9&#8221; la raquette. Vous souhaitez tout de m\u00eame acheter une raquette? N&#8217;h\u00e9sitez pas \u00e0 nous contacter!","og_url":"https:\/\/autokiosk.be\/fr\/padelkiosk\/faq\/","og_site_name":"Autokiosk","article_publisher":"https:\/\/www.facebook.com\/profile.php?id=100087099125794","article_modified_time":"2025-04-22T08:39:33+00:00","twitter_card":"summary_large_image","twitter_misc":{"Dur\u00e9e de lecture estim\u00e9e":"2 minutes"},"schema":{"@context":"https:\/\/schema.org","@graph":[{"@type":"WebPage","@id":"https:\/\/autokiosk.be\/fr\/padelkiosk\/faq\/","url":"https:\/\/autokiosk.be\/fr\/padelkiosk\/faq\/","name":"FAQ - Autokiosk","isPartOf":{"@id":"https:\/\/autokiosk.be\/#website"},"datePublished":"2023-02-28T23:30:19+00:00","dateModified":"2025-04-22T08:39:33+00:00","breadcrumb":{"@id":"https:\/\/autokiosk.be\/fr\/padelkiosk\/faq\/#breadcrumb"},"inLanguage":"fr-FR","potentialAction":[{"@type":"ReadAction","target":["https:\/\/autokiosk.be\/fr\/padelkiosk\/faq\/"]}]},{"@type":"BreadcrumbList","@id":"https:\/\/autokiosk.be\/fr\/padelkiosk\/faq\/#breadcrumb","itemListElement":[{"@type":"ListItem","position":1,"name":"Home","item":"https:\/\/autokiosk.be\/"},{"@type":"ListItem","position":2,"name":"Padelkiosk","item":"https:\/\/autokiosk.be\/fr\/padelkiosk\/"},{"@type":"ListItem","position":3,"name":"FAQ"}]},{"@type":"WebSite","@id":"https:\/\/autokiosk.be\/#website","url":"https:\/\/autokiosk.be\/","name":"Autokiosk","description":"","publisher":{"@id":"https:\/\/autokiosk.be\/#organization"},"potentialAction":[{"@type":"SearchAction","target":{"@type":"EntryPoint","urlTemplate":"https:\/\/autokiosk.be\/?s={search_term_string}"},"query-input":{"@type":"PropertyValueSpecification","valueRequired":true,"valueName":"search_term_string"}}],"inLanguage":"fr-FR"},{"@type":"Organization","@id":"https:\/\/autokiosk.be\/#organization","name":"Padel Kiosk","url":"https:\/\/autokiosk.be\/","logo":{"@type":"ImageObject","inLanguage":"fr-FR","@id":"https:\/\/autokiosk.be\/#\/schema\/logo\/image\/","url":"https:\/\/autokiosk.be\/wp-content\/uploads\/2023\/03\/PadelKiosk_logo_RGB-01.png","contentUrl":"https:\/\/autokiosk.be\/wp-content\/uploads\/2023\/03\/PadelKiosk_logo_RGB-01.png","width":1042,"height":465,"caption":"Padel Kiosk"},"image":{"@id":"https:\/\/autokiosk.be\/#\/schema\/logo\/image\/"},"sameAs":["https:\/\/www.facebook.com\/profile.php?id=100087099125794","https:\/\/www.instagram.com\/padel.kiosk\/?hl=nl"]}]}},"_links":{"self":[{"href":"https:\/\/autokiosk.be\/fr\/wp-json\/wp\/v2\/pages\/1853","targetHints":{"allow":["GET"]}}],"collection":[{"href":"https:\/\/autokiosk.be\/fr\/wp-json\/wp\/v2\/pages"}],"about":[{"href":"https:\/\/autokiosk.be\/fr\/wp-json\/wp\/v2\/types\/page"}],"author":[{"embeddable":true,"href":"https:\/\/autokiosk.be\/fr\/wp-json\/wp\/v2\/users\/2"}],"replies":[{"embeddable":true,"href":"https:\/\/autokiosk.be\/fr\/wp-json\/wp\/v2\/comments?post=1853"}],"version-history":[{"count":4,"href":"https:\/\/autokiosk.be\/fr\/wp-json\/wp\/v2\/pages\/1853\/revisions"}],"predecessor-version":[{"id":2237,"href":"https:\/\/autokiosk.be\/fr\/wp-json\/wp\/v2\/pages\/1853\/revisions\/2237"}],"up":[{"embeddable":true,"href":"https:\/\/autokiosk.be\/fr\/wp-json\/wp\/v2\/pages\/1834"}],"wp:attachment":[{"href":"https:\/\/autokiosk.be\/fr\/wp-json\/wp\/v2\/media?parent=1853"}],"wp:term":[{"taxonomy":"category","embeddable":true,"href":"https:\/\/autokiosk.be\/fr\/wp-json\/wp\/v2\/categories?post=1853"},{"taxonomy":"post_tag","embeddable":true,"href":"https:\/\/autokiosk.be\/fr\/wp-json\/wp\/v2\/tags?post=1853"}],"curies":[{"name":"wp","href":"https:\/\/api.w.org\/{rel}","templated":true}]}}